{"id":22,"date":"2016-07-12T17:37:24","date_gmt":"2016-07-12T15:37:24","guid":{"rendered":"http:\/\/dev.luka-lueftung.de\/kaelte\/?page_id=22"},"modified":"2021-05-17T18:17:56","modified_gmt":"2021-05-17T16:17:56","slug":"referenzen","status":"publish","type":"page","link":"https:\/\/luka.biz\/kaelte\/referenzen\/","title":{"rendered":"Referenzen"},"content":{"rendered":"<div class=\"wpb-content-wrapper\">[vc_row fullwidth=&#8220;true&#8220;][vc_column][mk_padding_divider][vc_custom_heading text=&#8220;Jahrzehnte Erfahrung in Dutzenden Projekten&#8220; use_theme_fonts=&#8220;yes&#8220;][vc_column_text]Ob Gastronomie, B\u00fcros, Krankenh\u00e4user oder Tierhandlungen \u2013 es gibt viele Geb\u00e4ude und Wirtschaftsbereiche, die ganz besondere Anforderungen an die Raumlufttechnik stellen. LUKA verf\u00fcgt \u00fcber vielseitige Erfahrung, auf die sich unsere Kunden verlassen k\u00f6nnen.[\/vc_column_text][\/vc_column][\/vc_row][vc_row fullwidth=&#8220;true&#8220; visibility=&#8220;visible-dt&#8220;][vc_column][mk_portfolio style=&#8220;grid&#8220; grid_spacing=&#8220;10&#8243; height=&#8220;250&#8243; zoom_icon=&#8220;false&#8220; count=&#8220;-1&#8243; sortable_style=&#8220;outline&#8220; sortable_mode=&#8220;static&#8220; sortable_bg_color=&#8220;&#8220; sortable_txt_color=&#8220;#777777&#8243; pagination=&#8220;false&#8220;][\/vc_column][\/vc_row][vc_row fullwidth=&#8220;true&#8220; visibility=&#8220;hidden-dt&#8220;][vc_column][mk_portfolio height=&#8220;250&#8243; zoom_icon=&#8220;false&#8220; count=&#8220;-1&#8243; sortable_style=&#8220;outline&#8220; sortable_mode=&#8220;static&#8220; sortable_bg_color=&#8220;&#8220; sortable_txt_color=&#8220;#777777&#8243; pagination=&#8220;false&#8220; order=&#8220;ASC&#8220;][\/vc_column][\/vc_row][vc_row][vc_column][mk_padding_divider size=&#8220;80&#8243;][\/vc_column][\/vc_row][mk_page_section bg_image=&#8220;\/wp-content\/uploads\/sites\/4\/2016\/07\/LUKA_Strichgrafik2-1.png&#8220; bg_position=&#8220;left bottom&#8220; bg_repeat=&#8220;no-repeat&#8220; min_height=&#8220;320&#8243; padding_top=&#8220;0&#8243; padding_bottom=&#8220;0&#8243; visibility=&#8220;hidden-sm&#8220; sidebar=&#8220;sidebar-1&#8243;][vc_column][\/vc_column][\/mk_page_section]\n<\/div>","protected":false},"excerpt":{"rendered":"<p>[vc_row fullwidth=&#8220;true&#8220;][vc_column][mk_padding_divider][vc_custom_heading text=&#8220;Jahrzehnte Erfahrung in Dutzenden Projekten&#8220; use_theme_fonts=&#8220;yes&#8220;][vc_column_text]Ob Gastronomie, B\u00fcros, Krankenh\u00e4user oder Tierhandlungen \u2013 es gibt viele Geb\u00e4ude und Wirtschaftsbereiche, die ganz besondere Anforderungen an die Raumlufttechnik stellen. LUKA verf\u00fcgt \u00fcber vielseitige Erfahrung, auf die sich unsere Kunden verlassen k\u00f6nnen.[\/vc_column_text][\/vc_column][\/vc_row][vc_row fullwidth=&#8220;true&#8220; visibility=&#8220;visible-dt&#8220;][vc_column][mk_portfolio style=&#8220;grid&#8220; grid_spacing=&#8220;10&#8243; height=&#8220;250&#8243; zoom_icon=&#8220;false&#8220; count=&#8220;-1&#8243; sortable_style=&#8220;outline&#8220; sortable_mode=&#8220;static&#8220; sortable_bg_color=&#8220;&#8220; sortable_txt_color=&#8220;#777777&#8243; pagination=&#8220;false&#8220;][\/vc_column][\/vc_row][vc_row fullwidth=&#8220;true&#8220; visibility=&#8220;hidden-dt&#8220;][vc_column][mk_portfolio height=&#8220;250&#8243; [&hellip;]<\/p>\n","protected":false},"author":2,"featured_media":0,"parent":0,"menu_order":0,"comment_status":"closed","ping_status":"closed","template":"","meta":{"footnotes":""},"_links":{"self":[{"href":"https:\/\/luka.biz\/kaelte\/wp-json\/wp\/v2\/pages\/22"}],"collection":[{"href":"https:\/\/luka.biz\/kaelte\/wp-json\/wp\/v2\/pages"}],"about":[{"href":"https:\/\/luka.biz\/kaelte\/wp-json\/wp\/v2\/types\/page"}],"author":[{"embeddable":true,"href":"https:\/\/luka.biz\/kaelte\/wp-json\/wp\/v2\/users\/2"}],"replies":[{"embeddable":true,"href":"https:\/\/luka.biz\/kaelte\/wp-json\/wp\/v2\/comments?post=22"}],"version-history":[{"count":56,"href":"https:\/\/luka.biz\/kaelte\/wp-json\/wp\/v2\/pages\/22\/revisions"}],"predecessor-version":[{"id":1335,"href":"https:\/\/luka.biz\/kaelte\/wp-json\/wp\/v2\/pages\/22\/revisions\/1335"}],"wp:attachment":[{"href":"https:\/\/luka.biz\/kaelte\/wp-json\/wp\/v2\/media?parent=22"}],"curies":[{"name":"wp","href":"https:\/\/api.w.org\/{rel}","templated":true}]}}